{"id":34,"date":"2017-06-05T09:11:02","date_gmt":"2017-06-05T09:11:02","guid":{"rendered":"http:\/\/res.cmb.ac.lk\/demography\/sunethra.perera\/?page_id=34"},"modified":"2020-10-15T11:15:48","modified_gmt":"2020-10-15T11:15:48","slug":"publications","status":"publish","type":"page","link":"https:\/\/res.cmb.ac.lk\/english.language.teaching\/kkg.randula\/publications\/","title":{"rendered":"Publications"},"content":{"rendered":"<h4>Books Authored<\/h4>\n<ul class=\"staff-mem-detail\">\n<li>2018\u00a0\u00a0\u00a0 &#8216;\u0dc3\u0dd2\u0d82\u0dc4\u0dbd \u0db7\u0dcf\u0dc2\u0dcf\u0dc0\u0dda \u0db1\u0dc0\u0db4\u0daf\u0dd3\u0d9a\u0dbb\u0dab\u0dba, \u0dc0\u0dca\u200d\u0dba\u0dcf\u0d9a\u0dbb\u0dab\u0dba \u0dc3\u0dc4 \u0dc0\u0dca\u200d\u0dba\u0dc0\u0dc4\u0dcf\u0dbb\u0dba&#8217; [Neologisation, Grammar and Usage of the Sinhalese Language], A Compendium of Articles. Colombo: S. Godage &amp; Brothers. ISBN: 978-955-30-9114-7<\/li>\n<li>2018\u00a0\u00a0\u00a0 &#8216;\u0dc1\u0dd4\u0daf\u0dca\u0db0\u0dcf\u0dad\u0dca\u0db8\u0dc0\u0dcf\u0daf \u0db8\u0dd2\u0dae\u0dca\u200d\u0dba\u0dcf\u0dc0, \u0d9a\u0dd4\u0db8\u0dbb\u0dad\u0dd4\u0d9f\u0dd4 \u0db8\u0d9f \u0dc3\u0dc4 \u0dc4\u0dd4\u0daf\u0dd4 \u0dc4\u0dd9\u0dc5\u0dd4\u0dc0&#8217; [Distortion of Puristic Ideology, Cumaratunga&#8217;s Way &amp; Pure Helese], A Compendium of Articles. Colombo: S. Godage &amp; Brothers. ISBN: 978-955-30-9115-4<\/li>\n<li>2016\u00a0\u00a0\u00a0 &#8216;\u0d8b\u0dad\u0dca\u0db4\u0dca\u200d\u0dbb\u0dcf\u0dc3\u0dba : \u0dc3\u0dcf\u0dc4\u0dd2\u0dad\u0dca\u200d\u0dba \u0dc0\u0dd2\u0da0\u0dcf\u0dbb\u0dba \u0dc4\u0dcf \u0db6\u0dd0\u0db3\u0dd4\u0dab\u0dd4 \u0d8b\u0dad\u0dca\u0db4\u0dca\u200d\u0dbb\u0dcf\u0dc3\u0dba \u0dc3\u0d82\u0d9a\u0dbd\u0dca\u0db4\u0dba \u0db4\u0dd2\u0dc5\u0dd2\u0db6\u0db3 \u0dc0\u0dd2\u0db8\u0dbb\u0dca\u0dc1\u0db1\u0dba\u0d9a\u0dca&#8217; [Irony: A Study of the Concept of Irony Involved in Literary Criticism], co-authored with Dr. H. W. Bihesh Indika Sampath. Colombo: S. Godage &amp; Brothers. ISBN: 978-955-30-7389-1<\/li>\n<li>2012\u00a0\u00a0\u00a0 &#8216;\u0d9a\u0db1\u0dca\u0db1\u0db1\u0dca\u0d9c\u0dbb \u0dba\u0dd4\u0d9c \u0db8\u0dd9\u0dc4\u0dd9\u0dc0\u0dbb&#8217; [Kannangara Yuga Mehewara], the unabridged Sinhalese translation of &#8220;Dogged Perseverance Coupled with Fearless Advocacy&#8221;. Colombo: Department of Government Information.<\/li>\n<\/ul>\n<h4>Volumes Edited<\/h4>\n<ul class=\"staff-mem-detail\">\n<li>2019 \u00a0\u00a0\u00a0 \u2018\u0db8\u0dcf\u0db1\u0dc0\u0dc1\u0dcf\u0dc3\u0dca\u0dad\u0dca\u200d\u0dbb \u0dc4\u0dcf \u0dc3\u0db8\u0dcf\u0da2\u0dd3\u0dba\u0dc0\u0dd2\u0daf\u0dca\u200d\u0dba\u0dcf \u0db4\u0dbb\u0dca\u0dba\u0dda\u0dc2\u0dab \u0dc0\u0dcf\u0d9a\u0dca\u0d9a\u0ddd\u0dc1\u0dba &#8211; \u0db4\u0dc5\u0db8\u0dd4 \u0dc0\u0dd9\u0dc5\u0dd4\u0db8\u2019 [Encyclopaedic Dictionary of Humanities and Social Sciences \u2013 Vol. 1], co-edited with Ven. Pinnawala Sanghasumana et.al. Gangodawila: Multidisciplinary Research Centre, University of Sri Jayewardenepura. ISBN: 978-955-4908-84-0<\/li>\n<li>2017 \u00a0\u00a0\u00a0 Third International Conference on Linguistics in Sri Lanka (ICLSL 2017): Abstracts, co-edited with N. W. B. S. Keerthiwansha. Kelaniya: Department of Linguistics, University of Kelaniya. ISSN: 2513-2954<\/li>\n<li>2017 \u00a0\u00a0\u00a0 \u2018\u0dc3\u0db8\u0dca\u0db4\u0dca\u200d\u0dbb\u0dda\u0d9a\u0dca\u0dc2\u0dab \u0dc1\u0dcf\u0dc3\u0dca\u0dad\u0dca\u200d\u0dbb\u0dd3\u0dba \u0dc3\u0d82\u0d9c\u0dca\u200d\u0dbb\u0dc4\u0dba : \u0db4\u0dc3\u0dca \u0dc0\u0dd0\u0db1\u0dd2 \u0d9a\u0dbd\u0db6\u2019 [Sampr\u0113k\u1e63a\u1e47a Academic Journal: Vol. 05], Kelaniya: Linguistics Students&#8217; Association, University of Kelaniya. ISSN: 2536-8818<\/li>\n<li>2015 \u00a0\u00a0\u00a0 Undergraduate Research Symposium 2015: Abstracts, co-edited with Isurinie A. Mallawaarachchi et al. Kelaniya: Faculty of Humanities, University of Kelaniya.<\/li>\n<li>2010 \u00a0\u00a0\u00a0 \u2018\u0dc0\u0dd2\u0da2\u0dca\u0da2\u0dcf \u0d8b\u0daf\u0db4\u0dcf\u0daf\u0dd2 \u0db0\u0dbb\u0dca\u0db8 \u0dc1\u0dcf\u0dc3\u0dca\u0dad\u0dca\u200d\u0dbb\u0dd3\u0dba \u0dc3\u0d82\u0d9c\u0dca\u200d\u0dbb\u0dc4\u0dba\u2019 [Vijj\u0101 Udap\u0101di: Buddhist Journal], co-edited with W. Nalaka Jayasena de Silva. Galle: Richmond College Buddhist Society. ISBN: 978-955-0203-00-0<\/li>\n<\/ul>\n<h4>Journal Articles &amp; Book Chapters<\/h4>\n<ul class=\"staff-mem-detail\">\n<li>2019 \u00a0\u00a0\u00a0 An Analysis of Definitions &amp; Morphosyntactic Features of the Linguistic Element Prak\u1e5bti in the Sinhalese Language in in W. M. Wijeratna &amp; J. S. Wijesekara (eds.), Mo\u1e37iyamirdam: S. J. Yogar\u0101jah Felicitation Volume pp. 163 \u2013 175<\/li>\n<li>2019 \u00a0\u00a0\u00a0 \u2018\u0d9a\u0dd4\u0db8\u0dcf\u0dbb\u0dad\u0dd4\u0d82\u0d9c \u0db8\u0dd4\u0db1\u0dd2\u0daf\u0dcf\u0dc3\u0dba\u0db1\u0dca \u0dbd\u0ddc\u0dc0\u0da7 \u0dc4\u0db3\u0dd4\u0db1\u0dca\u0dc0\u0dcf-\u0daf\u0dd4\u0db1\u0dca \u0db1\u0dc0 \u0db4\u0daf \u0dc3\u0dcf\u0db0\u0db1 \u0dc0\u0dd2\u0db0\u0dd2\u0dba\u0d9a\u0dca \u0dc0\u0db1 \u0dc1\u0db6\u0dca\u0daf\u0dcf\u0dbb\u0dca\u0dae \u0d85\u0db1\u0dd4\u0dba\u0ddd\u0d9c\u0dba\u2019 [A Neologisation Process Introduced by Cumaratunga Munidasa: Phono-Semantic Matching] in Srinat Ganewatta &amp; S. V. P. Sirisena (eds.), Sa\u1e43skrti: Cumaratunga Munidasa Special Number. pp. 97-114<\/li>\n<li>2018 \u00a0\u00a0\u00a0 \u2018\u0d9a\u0dd4\u0dab\u0dca\u0da9\u0dbd\u0d9a\u0dda\u0dc3\u0dd3 \u0d9a\u0dae\u0dcf \u0dc0\u0dc3\u0dca\u0dad\u0dd4\u0dc0: \u0d9c\u0dd0\u0da7\u0db4\u0daf \u0dc0\u0dd2\u0dc0\u0dbb\u0dab\u0dba\u2019 [Glossary: Kundalakesi\u2019s Story] in Ven. Ginikatuw\u00e4w\u0113 Vipula Th\u0113ra (ed.), Usas Pe\u1e37a\u1e6da Niyamita Saddharmaratn\u0101val\u012b Vich\u0101ra Sa\u1e43hit\u0101. Gampola: Sithmini International Publishers. pp. 62-77<\/li>\n<li>2018 \u00a0\u00a0\u00a0 \u2018\u0db7\u0dcf\u0dc2\u0dab \u0dc3\u0dd2\u0d82\u0dc4\u0dbd \u0dc0\u0dca\u200d\u0dba\u0dcf\u0d9a\u0dbb\u0dab\u0dba\u0dd9\u0dc4\u0dd2 \u0db1\u0dd2\u0dbb\u0dd6\u0db4\u0dd2\u0dad \u0daf\u0dca\u0dc0\u0dd2\u0dbb\u0dd6\u0db4\u0dad\u0dcf \u0dbd\u0d9a\u0dca\u0dc2\u0dab\u2019 [Diaglossic Features in Spoken Sinhalese Grammar] in Neil Pushpa Kumara et al (eds.), Abhiwandan\u0101: Volume Dedicated to Most Ven. Legumde\u1e47iye Piyaratana N\u0101yaka Th\u0113ra. pp. 110-132<\/li>\n<li>2017 \u00a0\u00a0\u00a0 \u2018\u0daf\u0db1\u0dca\u0dad\u0ddd\u0db4\u0da0\u0dcf\u0dbb\u0da2 \u0d9d\u0ddd\u0dc2 \u0d8c\u0dc2\u0dca\u0db8\/ \u0d9d\u0dbb\u0dca\u0dc2 \u0dc1\u0db6\u0dca\u0daf\u0dba [z] \u0dbd\u0dda\u0d9b\u0db1 \u0dc3\u0dd2\u0d82\u0dc4\u0dbd\u0dba\u0dd9\u0dc4\u0dd2 \u0db1\u0dd2\u0dbb\u0dd6\u0db4\u0dab\u0dba \u0d9a\u0dd2\u0dbb\u0dd3\u0db8\u2019 [Representing the Alveolar Voiced Sibilant\/ Fricative [z] in the Literary Sinhalese] in W\u0101g\u012b\u0161\u0101: Volume Dedicated to Senior Prof. R. M. W. Rajapaksha. pp. 98-110<\/li>\n<li>2017 \u00a0\u00a0\u00a0 \u2018\u0dc3\u0dd2\u0d82\u0dc4\u0dbd \u0db7\u0dcf\u0dc2\u0dcf\u0dc0\u0dda \u0d9c\u0dd9\u0db1\u0dca [gen], \u0d9c\u0dda [ge:], \u0dc4\u0da7 [ha\u1e6da] \u0dc0\u0dd2\u0db7\u0d9a\u0dca\u0dad\u0dd2 \u0dc3\u0dd6\u0da0\u0d9a \u0dad\u0dca\u200d\u0dbb\u0dba\u0dba\u0dd9\u0dc4\u0dd2 \u0db4\u0daf\u0dd2\u0db8 \u0db4\u0dca\u200d\u0dbb\u0dc0\u0dbb\u0dca\u0d9c \u0dc0\u0dd2\u0db1\u0dd2\u0dc1\u0dca\u0da0\u0dba\u2019 [Determining the Morphemic Category of the Case Markers f.ka [gen], f.a [ge:], yg [ha\u1e6da] in the Sinhalese Language] in W\u0101g\u012b\u0161\u0101: Volume Dedicated to Prof. A. C. Premarathna. pp. 215-227<\/li>\n<li>2017 \u00a0\u00a0\u00a0 \u2018\u0db4\u0dca\u200d\u0dbb\u0d9a\u0dd8\u0dad\u0dd2 \u0dc0\u0dd2\u0dc2\u0dba\u0d9a \u0db1\u0ddb\u0dbb\u0dd4\u0d9a\u0dca\u0dad\u0dd2\u0d9a \u0dc0\u0dbb\u0dca\u0d9c\u0dd3\u0d9a\u0dbb\u0dab\u0dba \u0dc3\u0dc4 \u0d85\u0db1\u0dd4\u0dbb\u0dd6\u0db4 \u0db4\u0daf \u0dc3\u0d82\u0dba\u0ddd\u0d9c \u0dc0\u0dca\u200d\u0dba\u0dc0\u0dc4\u0dcf\u0dbb\u0dba \u2019 [The Etymological Classification of Stems and the Usage of Compatible Word Combinations] in Ven. Ginikatuw\u00e4we Vipula Th\u0113ra (ed.), Tatsama &#8211; Tadbhawa Wachana Saha Anur\u016bpa Wachana Bh\u0101witaya: Gampola: Sithmini, pp.83-104<\/li>\n<li>2017 \u00a0\u00a0\u00a0 \u2018\u0db1\u0dd6\u0dad\u0db1 \u0dc3\u0dd2\u0d82\u0dc4\u0dbd \u0dc0\u0dcf\u0d9a\u0dca\u0d9a\u0ddd\u0dc1\u0dba \u0db4\u0ddd\u0dc2\u0dab\u0dba \u0d9a\u0dd2\u0dbb\u0dd3\u0db8\u0dd9\u0dc4\u0dd2 \u0dbd\u0dcf \u0d9a\u0dd4\u0db8\u0dcf\u0dbb\u0dad\u0dd4\u0d82\u0d9c \u0db8\u0dd4\u0db1\u0dd2\u0daf\u0dcf\u0dc3\u0dba\u0db1\u0dca \u0d9c\u0dda \u0daf\u0dcf\u0dba\u0d9a\u0dad\u0dca\u0dc0\u0dba\u2019 [The Contribution of Cumaratunga Munidaasa towards the Enrichment of the Modern Sinhalese Lexicon] in K. K. Ganushka Randula (ed.), Sampr\u0113k\u1e63a\u1e47a. Kelaniya: Department of Linguistics. pp. 46-60<\/li>\n<li>2016 \u00a0\u00a0\u00a0 Phono-semantic Matching in the Sinhalese Language: A Neologisation Process Innovated by Cumaratunga Munidasa in Maheshi Probodhani Dias Gunasinghe et al (eds.), URCL 2016 &#8211; Undergraduate Research Conference on Linguistics. Kelaniya: Department of Linguistics, University of Kelaniya. pp. 13-21<\/li>\n<li>2015 \u00a0\u00a0\u00a0 \u2018\u0dc3\u0dd2\u0d82\u0dc4\u0dbd \u0d9c\u0dd3\u0dad \u0dc3\u0dcf\u0dc4\u0dd2\u0dad\u0dca\u200d\u0dba\u0dba\u0dda \u0dc3\u0dd3. \u0da7\u0dd3. \u0db4\u0dca\u200d\u0dbb\u0db1\u0dcf\u0db1\u0dca\u0daf\u0dd4 \u0db8\u0dd4\u0daf\u0dca\u200d\u0dbb\u0dcf\u0dc0 \u2019 [The Emblem of C. T. Fernando in the Sinhalese Music Industry] in Ashoka Premaratna &amp; Jayantha Aravinda (eds.), Sa\u1e43skrti 25 (2) October 2015, Borelasgamuwa: Sa\u1e43skrti Publication. pp. 76-88<\/li>\n<li>2015 \u00a0\u00a0\u00a0 \u2018\u0dc3\u0dd2\u0d82\u0dc4\u0dbd\u0dba\u0dda \u0dc0\u0dd2\u0db7\u0d9a\u0dca\u0dad\u0dd2 \u0dc3\u0dd6\u0da0\u0d9a \u0d85\u0db4\u0dbb \u0db1\u0dd2\u0db4\u0dcf\u0dad\u0dc0\u0dbd \u0d93\u0dad\u0dd2\u0dc4\u0dcf\u0dc3\u0dd2\u0d9a \u0dc0\u0dd2\u0d9a\u0dc3\u0db1\u0dba\u2019 [Historical Change of the Case Denoting Postpositions in Sinhalese] in Rev. Thamaduwe Dewananda (ed.), Pr\u0101c\u012bn\u014ddaya: Academic Journal for the Final Examination of the Royal Pandit Degree. Matara: Siri Ratanap\u0101la Maha Piriwena. pp. 68-100<\/li>\n<li>2015 \u00a0\u00a0\u00a0 \u2018\u0dbd\u0d82\u0d9a\u0dcf \u0da2\u0dcf\u0dad\u0dd2\u0d9a \u0dc3\u0d82\u0d9c\u0db8\u0dca \u0dc0\u0dda\u0daf\u0dd2\u0d9a\u0dcf\u0dc0\u0dda \u0da2\u0dba\u0db1\u0dca\u0dad \u0dc0\u0dd3\u0dbb\u0dc3\u0dda\u0d9a\u0dbb \u0daf\u0dda\u0dc1\u0db4\u0dcf\u0dbd\u0db1 \u0db7\u0dd6\u0db8\u0dd2\u0d9a\u0dcf\u0dc0\u2019 [The Political Career of Jayantha Wirasekara in Ceylon National Congress] in Srinath Ganewatta et al (eds.), Jayantha Wirasekara \u00c4g\u00e4yuma. Colombo: He\u1e37a Havula. pp. 25-40<\/li>\n<li>2014 \u00a0\u00a0\u00a0 \u2018\u0d9c\u0dcf\u0dbd\u0dd4 \u0db4\u0dd4\u0dbb\u0dda \u0d9a\u0dad\u0dcf \u0db6\u0dc4: \u0dc3\u0db8\u0d9a\u0dcf\u0dbd\u0dd3\u0db1 \u0d9c\u0dcf\u0dbd\u0dd4 \u0db4\u0dd4\u0dbb \u0db4\u200d\u0dca\u200d\u0dbb\u0dcf\u0daf\u0dda\u0dc1\u0dd2\u0d9a \u0dc0\u0dca\u200d\u0dba\u0dc0\u0dc4\u0dcf\u0dbb\u0dba \u0db4\u0dd2\u0dc5\u0dd2\u0db6\u0db3 \u0dc0\u0dcf\u0d9c\u0dca\u0dc0\u0dd2\u0daf\u0dca\u200d\u0dba\u0dcf\u0dad\u0dca\u0db8\u0d9a \u0d85\u0db0\u0dca\u200d\u0dba\u0dba\u0db1\u0dba\u0d9a\u0dca\u2019 [A Sociolinguistic Study of the Contemporary Regional Dialect of Galle], in Prasad de Silva (ed.), Sah\u1e5bda Pras\u0101d\u012b: the Journal of the Richmond College Arts Society. Galle: Richmond College Arts Society. pp. 123-132.<\/li>\n<\/ul>\n<h4>Abstracts &amp; Conference Papers<\/h4>\n<ul class=\"staff-mem-detail\">\n<li>2019 \u00a0\u00a0\u00a0 Auxiliary Noun in Colloquial Sinhalese: An Attempt to Theorise an Unorthodox Declensional Pattern, awaiting presentation at the Annual Research Conference of the Department of Sinhala, University of Colombo.<\/li>\n<li>2019 \u00a0\u00a0\u00a0 An Appreciation of Aelian de Silva&#8217;s Contribution as a Neologist, presented at the International Conference on the Humanities, University of Kelaniya.<\/li>\n<li>2018 \u00a0\u00a0\u00a0 Iconic Ga\u1e47apati to Aniconic Pillaiy\u0101r: An Archaeological and Ethnographical Study on Iconographic Variations of Ga\u1e47\u0113sha Figures in Sri Lanka, 4th International Conference on Social Sciences, University of Kelaniya.<\/li>\n<li>2018 \u00a0\u00a0\u00a0 A Structural Linguistic Study of Cumaratunga Munidasa\u2019s Neologisms of Sanskrit Origin, presented at the 3rd International Conference on Sanskrit &amp; Eastern Studies, University of Kelaniya.<\/li>\n<li>2017 \u00a0\u00a0\u00a0 Relevance of the Morphological Concepts Root, Stem, and Base in the Structural Analysis of Sinhalese Words, presented at the 3rd International Conference on Linguistics in Sri Lanka.<\/li>\n<li>2017 \u00a0\u00a0\u00a0 Dravidised Sanskrit Loan Words in Sinhalese: A Case of Translinguistic Borrowing, presented at the Annual Research Conference of the Department of Sinhala, University of Colombo.<\/li>\n<li>2017 \u00a0\u00a0\u00a0 An Etymological Study of the Contemporary Suburban Dialect of Galle, presented at the 10th Annual Research Conference of the Royal Asiatic Society of Sri Lanka.<\/li>\n<li>2016 \u00a0\u00a0\u00a0 Tree Preservation Policy in Ancient Ceylon as Depicted in Att\u0101\u1e47i Pillar Edicts of the Anuradhapura Period, presented at the National Green Conference of the University of Kelaniya.<\/li>\n<li>2016 \u00a0\u00a0\u00a0 An Evaluation of Cumaratunga Munidasa&#8217;s Contribution as a Neologist, presented at the 9th Annual Research Conference of the Royal Asiatic Society of Sri Lanka.<\/li>\n<li>2016 \u00a0\u00a0\u00a0 Determining the Morphemic Category of the Case Markers \u0d9c\u0dd9\u0db1\u0dca [gen], \u0d9c\u0dda [ge:], \u0dc4\u0da7 [ha\u1e6da] in the Sinhalese Language, presented at the 3rd International Research Symposium of the University of Rajara\u1e6da, Mihintale.<\/li>\n<li>2015 \u00a0\u00a0\u00a0 A Morphological Study of the Word Formation Processes in Sinhalese Slanguage, presented at the 8th Annual Research Conference of the Royal Asiatic Society of Sri Lanka.<\/li>\n<li>2015 \u00a0\u00a0\u00a0 The Contribution of Cumaratunga Munidasa as an Individual Language Planner, presented at the Undergraduate Research Symposium of the Faculty of Humanities, University of Kelaniya.<\/li>\n<li>2015 \u00a0\u00a0\u00a0 The Contribution of Cumaratunga Munidasa as a Neologist, presented at GNOSIS: the 2nd Annual Students\u2019 Research Symposium of the Department of English, University of Kelaniya.<\/li>\n<li>2013 \u00a0\u00a0\u00a0 Substitution of Tharu Akuru to the Telephone Dial, presented at the 6th Annual Research Conference of the Royal Asiatic Society<\/li>\n<li>2012 \u00a0\u00a0\u00a0 Representation of Alveolar Voiced Sibilant \/ Fricative (z) in the Sinhalese Language, presented at the 1st International Research Conference on Humanities and Social Sciences, University of Sri Jayawardhanapura.<\/li>\n<\/ul>\n<h4>Invited Talks<\/h4>\n<ul class=\"staff-mem-detail\">\n<li>28.09.2019 \u00a0\u00a0\u00a0 \u2018\u0dc3\u0dcf\u0dc4\u0dd2\u0dad\u0dca\u200d\u0dba \u0db4\u0dbb\u0dd2\u0dc0\u0dbb\u0dca\u0dad\u0db1\u0dba\u0dda \u0daf\u0dd4\u0dc2\u0dca\u0d9a\u0dbb\u0dad\u0dcf\u2019 [Difficulties in Literary Translation], guest speech delivered at the launch of Mano Fernando&#8217;s book &#8216;\u0d87\u0db8\u0dbb\u0dd2\u0d9a\u0dcf\u0db1\u0dd4\u0dc0\u0db1\u0dca \u0daf\u0dd4\u0da7\u0dd4 \u0dbd\u0d9a\u0dca\u0daf\u0dd2\u0dc0 \u0dc3\u0dd2\u0dbb\u0dd2\u0dba&#8217;, Colombo: International Book Fair, BMICH.<\/li>\n<li>11.07.2019 \u00a0\u00a0\u00a0 \u2018\u0dad\u0dd9\u0db1\u0dca\u0db1\u0d9a\u0ddd\u0db1\u0dca \u0dc0\u0dd2\u0db8\u0dbd\u0dcf\u0db1\u0db1\u0dca\u0daf \u0dc3\u0dc4 \u0d8b\u0da9\u0dbb\u0da7 \u0db8\u0dc4 \u0d9a\u0dd0\u0dbb\u0dd0\u0dbd\u0dca\u0dbd\u2019 [Tennakoon Wimalananda &amp; The Great Rebellion of 1818], guest speech delivered at the launch of Ratnayake Tillakaratne&#8217;s book &#8216;1818 \u0d8b\u0da9\u0dbb\u0da7 \u0db8\u0dc4 \u0d9a\u0dd0\u0dbb\u0dd0\u0dbd\u0dca\u0dbd: \u0db4\u0dca\u200d\u0dbb\u0dae\u0db8 \u0d9a\u0dcf\u0dab\u0dca\u0da9\u0dba&#8217;, Colombo: Mahaweli Centre.<\/li>\n<li>28.03.2019 \u00a0\u00a0\u00a0 \u2018\u0d9a\u0dd4\u0db8\u0dcf\u0dbb\u0dad\u0dd4\u0d82\u0d9c \u0db8\u0dd4\u0db1\u0dd2\u0daf\u0dcf\u0dc3\u0dba\u0db1\u0dca \u0d9c\u0dda \u0db7\u0dcf\u0dc2\u0dcf \u0db4\u0dbb\u0dd2\u0dc0\u0dbb\u0dca\u0dad\u0db1 \u0d9a\u0dde\u0dc1\u0dbd\u0dca\u200d\u0dba\u0dba\u2019 [Translation Skills of Cumaratunga Munidasa], guest speech delivered at the 75th Commemoration of Cumaratunga Munidasa, Colombo: University of Colombo.<\/li>\n<li>05.03.2019 \u00a0\u00a0\u00a0 \u2018\u0dc3\u0dd2\u0d82\u0dc4\u0dbd \u0db7\u0dcf\u0dc2\u0dcf\u0dc0\u0dda \u0dc0\u0dbb\u0dca\u0dad\u0db8\u0dcf\u0db1 \u0d85\u0db7\u0dd2\u0dba\u0ddd\u0d9c\u2019 [Current Challenges faced by the Sinhalese Language], speech delivered at the panel discussion to mark the 75th Commemoration of Cumaratunga Munidasa, Colombo: Press Council.<\/li>\n<li>07.03.2018 \u00a0\u00a0\u00a0 \u2018\u0dc1\u0dcf\u0dc3\u0dca\u0dad\u0dca\u200d\u0dbb\u0dd3\u0dba \u0dbd\u0dd2\u0db4\u0dd2\u0dba\u0d9a \u0dc3\u0dd0\u0d9a\u0dd0\u0dc3\u0dca\u0db8\u2019 [Writing an Academic Paper], guest speech delivered at the special workshop on Academic Writing Skills, Homagama: Sri Lanka Buddhist and P\u0101li University.<\/li>\n<li>29.08.2017 \u00a0\u00a0\u00a0 \u2018\u0dc3\u0dd2\u0d82\u0dc4\u0dbd \u0dbd\u0dda\u0d9b\u0db1\u0dba\u0da7 \u0dab, \u0db1, \u0dc5, \u0dbd \u0d95\u0db1\u0dd1 \u0daf?\u2019 [Does \u1e47, n, \u1e37, l Distinction Matter in Sinhalese Writing?], speech delivered at the panel discussion on the Sinhalese orthography, Homagama: Sri Lanka Buddhist and P\u0101li University.<\/li>\n<li>02.03.2017 \u00a0\u00a0\u00a0 \u2018\u0d9a\u0dd4\u0db8\u0dcf\u0dbb\u0dad\u0dd4\u0d82\u0d9c \u0db8\u0dd4\u0db1\u0dd2\u0daf\u0dcf\u0dc3\u0dba\u0db1\u0dca \u0dbd\u0ddc\u0dc0\u0da7 \u0dc4\u0db3\u0dd4\u0db1\u0dca\u0dc0\u0dcf-\u0daf\u0dd4\u0db1\u0dca \u0db1\u0dc0 \u0db4\u0daf \u0dc3\u0dcf\u0db0\u0db1 \u0dc0\u0dd2\u0db0\u0dd2\u0dba\u0d9a\u0dca \u0dc0\u0db1 \u0dc1\u0db6\u0dca\u0daf\u0dcf\u0dbb\u0dca\u0dae \u0d85\u0db1\u0dd4\u0dba\u0ddd\u0d9c\u0dba\u2019 [A Neologisation Process Introduced by Cumaratunga Munidasa: Phono-Semantic Matching], speech delivered at the 73rd commemoration of Cumaratunga Munidasa, Colombo: He\u1e37a Havula.<\/li>\n<li>09.11.2016 \u00a0\u00a0\u00a0 \u2018Phono-semantic Matching in the Sinhalese Language: A Neologisation Process Innovated by Cumaratunga Munidasa\u2019, keynote speech delivered at the Undergraduate Research Conference on Linguistics: URCL 2016. University of Kelaniya.<\/li>\n<li>05.04.2015 \u00a0\u00a0\u00a0 \u2018\u0dc3\u0dd2\u0d82\u0dc4\u0dbd \u0db7\u0dcf\u0dc2\u0dcf \u0dc0\u0dca\u200d\u0dba\u0dcf\u0d9a\u0dbb\u0dab \u0dc0\u0dd2\u0dc2\u0dba\u0dba\u0dd9\u0dc4\u0dd2 \u0dc3\u0dd4\u0da0\u0dbb\u0dd2\u0dad \u0d9c\u0db8\u0dca\u0dbd\u0dad\u0dca \u0dc3\u0db8\u0dca\u0db4\u0dca\u200d\u0dbb\u0daf\u0dcf\u0db1\u0dba\u2019 [The Contribution of Sucharitha Gamlath towards Sinhalese Grammatical Studies], speech delivered at the 02nd commemoration of Sucharitha Gamlath, Colombo: Brhaspati Sarasaviya.<\/li>\n<\/ul>\n","protected":false},"excerpt":{"rendered":"<p>Books Authored 2018\u00a0\u00a0\u00a0 &#8216;\u0dc3\u0dd2\u0d82\u0dc4\u0dbd \u0db7\u0dcf\u0dc2\u0dcf\u0dc0\u0dda \u0db1\u0dc0\u0db4\u0daf\u0dd3\u0d9a\u0dbb\u0dab\u0dba, \u0dc0\u0dca\u200d\u0dba\u0dcf\u0d9a\u0dbb\u0dab\u0dba \u0dc3\u0dc4 \u0dc0\u0dca\u200d\u0dba\u0dc0\u0dc4\u0dcf\u0dbb\u0dba&#8217; [Neologisation, Grammar and Usage of the Sinhalese Language], A Compendium of [&hellip;]<\/p>\n","protected":false},"author":2,"featured_media":0,"parent":0,"menu_order":0,"comment_status":"closed","ping_status":"closed","template":"","meta":[],"_links":{"self":[{"href":"https:\/\/res.cmb.ac.lk\/english.language.teaching\/kkg.randula\/wp-json\/wp\/v2\/pages\/34"}],"collection":[{"href":"https:\/\/res.cmb.ac.lk\/english.language.teaching\/kkg.randula\/wp-json\/wp\/v2\/pages"}],"about":[{"href":"https:\/\/res.cmb.ac.lk\/english.language.teaching\/kkg.randula\/wp-json\/wp\/v2\/types\/page"}],"author":[{"embeddable":true,"href":"https:\/\/res.cmb.ac.lk\/english.language.teaching\/kkg.randula\/wp-json\/wp\/v2\/users\/2"}],"replies":[{"embeddable":true,"href":"https:\/\/res.cmb.ac.lk\/english.language.teaching\/kkg.randula\/wp-json\/wp\/v2\/comments?post=34"}],"version-history":[{"count":3,"href":"https:\/\/res.cmb.ac.lk\/english.language.teaching\/kkg.randula\/wp-json\/wp\/v2\/pages\/34\/revisions"}],"predecessor-version":[{"id":122,"href":"https:\/\/res.cmb.ac.lk\/english.language.teaching\/kkg.randula\/wp-json\/wp\/v2\/pages\/34\/revisions\/122"}],"wp:attachment":[{"href":"https:\/\/res.cmb.ac.lk\/english.language.teaching\/kkg.randula\/wp-json\/wp\/v2\/media?parent=34"}],"curies":[{"name":"wp","href":"https:\/\/api.w.org\/{rel}","templated":true}]}}